{"id":177,"date":"2018-09-13T18:49:50","date_gmt":"2018-09-13T16:49:50","guid":{"rendered":"http:\/\/grainedevie.ovh\/?page_id=177"},"modified":"2020-07-20T16:11:07","modified_gmt":"2020-07-20T14:11:07","slug":"petits-reves-faits-mains","status":"publish","type":"page","link":"https:\/\/compagniegrainedevie.fr\/?page_id=177","title":{"rendered":"Petits r\u00eaves faits mains"},"content":{"rendered":"\n<p>La page de ce spectacle est actuellement en travaux. En attendant, vous pouvez allez voir des extraits du spectacle ici:<\/p>\n\n\n<p><a href=\"https:\/\/vimeo.com\/291516803\">R\u00e9sum\u00e9 de la pi\u00e8ce \u00ab\u00a0Petits R\u00eaves Faits Mains\u00a0\u00bb de Laurie Cannac \/ compagnie Graine De Vie<\/a><\/p>\n\n\n<p><\/p>\n","protected":false},"excerpt":{"rendered":"<p>La page de ce spectacle est actuellement en travaux. En attendant, vous pouvez allez voir des extraits du spectacle ici: R\u00e9sum\u00e9 de la pi\u00e8ce \u00ab\u00a0Petits R\u00eaves Faits Mains\u00a0\u00bb de Laurie Cannac \/ compagnie Graine De Vie<\/p>\n","protected":false},"author":1,"featured_media":0,"parent":2,"menu_order":0,"comment_status":"closed","ping_status":"closed","template":"","meta":{"footnotes":""},"_links":{"self":[{"href":"https:\/\/compagniegrainedevie.fr\/index.php?rest_route=\/wp\/v2\/pages\/177"}],"collection":[{"href":"https:\/\/compagniegrainedevie.fr\/index.php?rest_route=\/wp\/v2\/pages"}],"about":[{"href":"https:\/\/compagniegrainedevie.fr\/index.php?rest_route=\/wp\/v2\/types\/page"}],"author":[{"embeddable":true,"href":"https:\/\/compagniegrainedevie.fr\/index.php?rest_route=\/wp\/v2\/users\/1"}],"replies":[{"embeddable":true,"href":"https:\/\/compagniegrainedevie.fr\/index.php?rest_route=%2Fwp%2Fv2%2Fcomments&post=177"}],"version-history":[{"count":3,"href":"https:\/\/compagniegrainedevie.fr\/index.php?rest_route=\/wp\/v2\/pages\/177\/revisions"}],"predecessor-version":[{"id":225,"href":"https:\/\/compagniegrainedevie.fr\/index.php?rest_route=\/wp\/v2\/pages\/177\/revisions\/225"}],"up":[{"embeddable":true,"href":"https:\/\/compagniegrainedevie.fr\/index.php?rest_route=\/wp\/v2\/pages\/2"}],"wp:attachment":[{"href":"https:\/\/compagniegrainedevie.fr\/index.php?rest_route=%2Fwp%2Fv2%2Fmedia&parent=177"}],"curies":[{"name":"wp","href":"https:\/\/api.w.org\/{rel}","templated":true}]}}