{"id":2,"date":"2018-07-26T12:16:24","date_gmt":"2018-07-26T10:16:24","guid":{"rendered":"http:\/\/grainedevie.ovh\/?page_id=2"},"modified":"2025-09-30T15:30:58","modified_gmt":"2025-09-30T13:30:58","slug":"les-spectacles-au-repertoire","status":"publish","type":"page","link":"https:\/\/compagniegrainedevie.fr\/?page_id=2","title":{"rendered":"SPECTACLES"},"content":{"rendered":"<ul>\n<li><a href=\"https:\/\/compagniegrainedevie.fr\/?p=730\">Histoires Invisibles<\/a> (2025 en France) .<\/li>\n<li><a href=\"http:\/\/compagniegrainedevie.fr\/?page_id=291\">La langue des Cygnes (2023)<\/a>\u00a0 \u00a0Spectacle disponible en tourn\u00e9e\/Salle \u00e9quip\u00e9e Spectacle accessibles au public entendant et sourd.<\/li>\n<li><a href=\"http:\/\/compagniegrainedevie.fr\/?page_id=291\">Vitrines de Recherche (2021)<\/a>\u00a0 \u00a0Performances\/impro disponible en mus\u00e9es ou autres<\/li>\n<li><a href=\"http:\/\/compagniegrainedevie.fr\/?page_id=206\">JeveuxJeveuxJeveux (2020)\u00a0\u00a0\u00a0<\/a>\u00a0 Spectacle disponible en tourn\u00e9e\/ Int\u00e9rieur en lieux non d\u00e9di\u00e9s.<\/li>\n<li><a href=\"http:\/\/compagniegrainedevie.fr\/?page_id=60\">Faim de Loup fr (2009)<\/a>\u00a0 \u00a0 \u00a0 Spectacle disponible en tourn\u00e9e\/Salle \u00e9quip\u00e9e. Aussi en version LSF<\/li>\n<li><a href=\"http:\/\/compagniegrainedevie.fr\/?page_id=53\">Blanche \u00c9b\u00e8ne (2018)<\/a>\u00a0 \u00a0 \u00a0 \u00a0 Recr\u00e9ation \u00e0 venir, Spectacle en exterieur ou int\u00e9rieur<\/li>\n<li><a href=\"http:\/\/compagniegrainedevie.fr\/?page_id=53\">Queue de Poissonne (2016)<\/a><\/li>\n<\/ul>\n<p><!--more--><\/p>\n\n\n<h2 class=\"wp-block-heading has-medium-font-size\"><a href=\"https:\/\/compagniegrainedevie.fr\/?p=730\">Histoires Invisibles\/Invisible Stories<\/a><\/h2>\n\n\n\n<div class=\"wp-block-group alignwide\"><div class=\"wp-block-group__inner-container is-layout-constrained wp-block-group-is-layout-constrained\">\n<div class=\"wp-block-columns alignwide are-vertically-aligned-center is-layout-flex wp-container-core-columns-is-layout-1 wp-block-columns-is-layout-flex\">\n<div class=\"wp-block-column is-layout-flow wp-block-column-is-layout-flow\" style=\"flex-basis:55%\">\n<p><sup>Deux scientifiques bangladais \u00e9tudient l\u2019impact des fant\u00f4mes du Bengale sur la circulation \u00e0 Dacca, capitale du pays. Ils pensent ma\u00eetriser leur sujet quand, sans crier gare, leur sujet prend vie et les embarque de la m\u00e9galopole \u00e0 la jungle des Sundarbans, la plus grande mangrove du monde, dans un p\u00e9riple fantasmagorique qui les bouleversera. Les surprenantes marionnettes de corps de Laurie Cannac, alli\u00e9s au th\u00e9\u00e2tre physique des deux acteurs-danseurs bangladais qu\u2019elle met en sc\u00e8ne, nous invitent, de fantaisies en frissons, dans un monde surr\u00e9el d\u2019un animisme revigorant, o\u00f9 les plus ancestrales croyances semblent n\u2019avoir \u00e9t\u00e9 perp\u00e9tu\u00e9es que pour r\u00e9pondre aux dilemmes les plus contemporains.<\/sup> <a href=\"https:\/\/compagniegrainedevie.fr\/?p=730\">(lire la suite&#8230;)<\/a><\/p>\n\n\n\n<p><\/p>\n\n\n\n<p><\/p>\n\n\n\n<p><\/p>\n\n\n\n<p><\/p>\n\n\n\n<p><\/p>\n\n\n\n<p><\/p>\n\n\n\n<ul>\n<li><a href=\"https:\/\/compagniegrainedevie.fr\/?p=730\">Histoires Invisibles<\/a> (2024 au Bangladesh) (2025 en France) .<\/li>\n\n\n\n<li><a href=\"http:\/\/compagniegrainedevie.fr\/?page_id=291\">La langue des Cygnes (2023)<\/a>&nbsp; &nbsp;Spectacle disponible en tourn\u00e9e\/Salle \u00e9quip\u00e9e Spectacle accessibles au public entendant et sourd.<\/li>\n\n\n\n<li><a href=\"http:\/\/compagniegrainedevie.fr\/?page_id=291\">Vitrines de Recherche (2021)<\/a>&nbsp; &nbsp;Performances\/impro disponible en mus\u00e9es ou autres<\/li>\n\n\n\n<li><a href=\"http:\/\/compagniegrainedevie.fr\/?page_id=206\">JeveuxJeveuxJeveux (2020)&nbsp;&nbsp;&nbsp;<\/a>&nbsp; Spectacle disponible en tourn\u00e9e\/ Int\u00e9rieur en lieux non d\u00e9di\u00e9s.<\/li>\n\n\n\n<li><a href=\"http:\/\/compagniegrainedevie.fr\/?page_id=60\">Faim de Loup fr (2009)<\/a>&nbsp; &nbsp; &nbsp; Spectacle disponible en tourn\u00e9e\/Salle \u00e9quip\u00e9e. Aussi en version LSF<\/li>\n\n\n\n<li><a href=\"http:\/\/compagniegrainedevie.fr\/?page_id=53\">Blanche \u00c9b\u00e8ne (2018)<\/a>&nbsp; &nbsp; &nbsp; &nbsp; Spectacle en exterieur ou int\u00e9rieur<\/li>\n\n\n\n<li><a href=\"http:\/\/compagniegrainedevie.fr\/?page_id=53\">Queue de Poissonne (2016)<\/a><\/li>\n<\/ul>\n\n\n\n<figure class=\"wp-block-image size-full\"><img loading=\"lazy\" decoding=\"async\" width=\"1\" height=\"1\" src=\"https:\/\/compagniegrainedevie.fr\/wp-content\/uploads\/2025\/03\/image.gif\" alt=\"\" class=\"wp-image-831\" title=\"Lire la suite\u2026\"\/><\/figure>\n\n\n\n<h2 class=\"wp-block-heading\" id=\"block-c4a51b37-2b77-4194-a513-ef62488cccb2\">La Langue des Cygnes<\/h2>\n<\/div>\n\n\n\n<div class=\"wp-block-column is-layout-flow wp-block-column-is-layout-flow\" style=\"flex-basis:45%\">\n<figure class=\"wp-block-image\"><img loading=\"lazy\" decoding=\"async\" width=\"768\" height=\"1024\" src=\"http:\/\/compagniegrainedevie.fr\/wp-content\/uploads\/2024\/04\/Laurie-Cannac-Tigre-6-768x1024.jpg\" alt=\"\" class=\"wp-image-862\" srcset=\"https:\/\/compagniegrainedevie.fr\/wp-content\/uploads\/2024\/04\/Laurie-Cannac-Tigre-6-768x1024.jpg 768w, https:\/\/compagniegrainedevie.fr\/wp-content\/uploads\/2024\/04\/Laurie-Cannac-Tigre-6-225x300.jpg 225w, https:\/\/compagniegrainedevie.fr\/wp-content\/uploads\/2024\/04\/Laurie-Cannac-Tigre-6-1152x1536.jpg 1152w, https:\/\/compagniegrainedevie.fr\/wp-content\/uploads\/2024\/04\/Laurie-Cannac-Tigre-6-1536x2048.jpg 1536w, https:\/\/compagniegrainedevie.fr\/wp-content\/uploads\/2024\/04\/Laurie-Cannac-Tigre-6-scaled.jpg 1920w\" sizes=\"(max-width: 767px) 89vw, (max-width: 1000px) 54vw, (max-width: 1071px) 543px, 580px\" \/><\/figure>\n<\/div>\n<\/div>\n\n\n\n<div class=\"wp-block-media-text alignwide has-media-on-the-right is-stacked-on-mobile\" style=\"grid-template-columns:auto 59%\"><div class=\"wp-block-media-text__content\">\n<p class=\"has-normal-font-size\">Utilisant la vid\u00e9o et le mapping en interaction avec le travail de plateau, la danse-marionnette avec des marionnettes de corps r\u00e9alis\u00e9es par Laurie, et la danse,&nbsp;&nbsp;<strong><em>La Langue des Cygnes<\/em><\/strong>&nbsp;se donne pour objectif de partager un trajet de r\u00e9silience et de parler au vilain petit canard lov\u00e9 dans le coeur de chaque spectateur, pour le transformer en cygne. <a href=\"http:\/\/compagniegrainedevie.fr\/?page_id=291\">(lire la suite&#8230;)<\/a><\/p>\n<\/div><figure class=\"wp-block-media-text__media\"><img loading=\"lazy\" decoding=\"async\" width=\"1024\" height=\"683\" src=\"http:\/\/compagniegrainedevie.fr\/wp-content\/uploads\/2024\/01\/MOUFFTARD.Y.Petit_78-1024x683.jpg\" alt=\"\" class=\"wp-image-709 size-full\" srcset=\"https:\/\/compagniegrainedevie.fr\/wp-content\/uploads\/2024\/01\/MOUFFTARD.Y.Petit_78-1024x683.jpg 1024w, https:\/\/compagniegrainedevie.fr\/wp-content\/uploads\/2024\/01\/MOUFFTARD.Y.Petit_78-300x200.jpg 300w, https:\/\/compagniegrainedevie.fr\/wp-content\/uploads\/2024\/01\/MOUFFTARD.Y.Petit_78-768x512.jpg 768w, https:\/\/compagniegrainedevie.fr\/wp-content\/uploads\/2024\/01\/MOUFFTARD.Y.Petit_78-1536x1024.jpg 1536w, https:\/\/compagniegrainedevie.fr\/wp-content\/uploads\/2024\/01\/MOUFFTARD.Y.Petit_78-2048x1365.jpg 2048w\" sizes=\"(max-width: 767px) 89vw, (max-width: 1000px) 54vw, (max-width: 1071px) 543px, 580px\" \/><\/figure><\/div>\n<\/div><\/div>\n\n\n\n<h2 class=\"wp-block-heading has-medium-font-size\"><em>Je VeuxJeVeuxJeVeux<\/em><\/h2>\n\n\n\n<div class=\"wp-block-media-text alignwide has-media-on-the-right is-stacked-on-mobile\" style=\"grid-template-columns:auto 51%\"><div class=\"wp-block-media-text__content\">\n<p class=\"has-normal-font-size\">Qu\u2019est-ce que grandir et vivre dans un monde o\u00f9 la nature, qui a toujours tant donn\u00e9, peut aussi d\u2019un coup tout reprendre? <a href=\"http:\/\/compagniegrainedevie.fr\/?page_id=206\">(lire la suite&#8230;)<\/a><\/p>\n<\/div><figure class=\"wp-block-media-text__media\"><img loading=\"lazy\" decoding=\"async\" width=\"1024\" height=\"848\" src=\"http:\/\/compagniegrainedevie.fr\/wp-content\/uploads\/2020\/07\/D-JvJvJv-petite-1-1024x848.jpg\" alt=\"\" class=\"wp-image-239 size-full\" srcset=\"https:\/\/compagniegrainedevie.fr\/wp-content\/uploads\/2020\/07\/D-JvJvJv-petite-1-1024x848.jpg 1024w, https:\/\/compagniegrainedevie.fr\/wp-content\/uploads\/2020\/07\/D-JvJvJv-petite-1-300x248.jpg 300w, https:\/\/compagniegrainedevie.fr\/wp-content\/uploads\/2020\/07\/D-JvJvJv-petite-1-768x636.jpg 768w, https:\/\/compagniegrainedevie.fr\/wp-content\/uploads\/2020\/07\/D-JvJvJv-petite-1-1536x1272.jpg 1536w, https:\/\/compagniegrainedevie.fr\/wp-content\/uploads\/2020\/07\/D-JvJvJv-petite-1.jpg 1668w\" sizes=\"(max-width: 767px) 89vw, (max-width: 1000px) 54vw, (max-width: 1071px) 543px, 580px\" \/><\/figure><\/div>\n\n\n\n<h2 class=\"wp-block-heading has-medium-font-size\"><em>Faim de loup<\/em><\/h2>\n\n\n\n<div class=\"wp-block-media-text alignwide has-media-on-the-right is-stacked-on-mobile\" style=\"grid-template-columns:auto 43%\"><div class=\"wp-block-media-text__content\">\n<p class=\"has-normal-font-size\">Le chaperon rouge ! Tout le monde conna\u00eet\u2026. ou plut\u00f4t tout le monde croit conna\u00eetre. Plus que les versions de Perrault ou de Grimm, c\u2019est leurs ersatzs illustr\u00e9s qui viennent \u00e0 l\u2019esprit. Qui se souvient pourtant des versions orales, de ces r\u00e9cits mill\u00e9naires et internationaux qui renferment de v\u00e9ritables tr\u00e9sors initiatiques ? <a href=\"http:\/\/compagniegrainedevie.fr\/?page_id=60\">(lire la suite&#8230;)<\/a><\/p>\n<\/div><figure class=\"wp-block-media-text__media\"><img loading=\"lazy\" decoding=\"async\" width=\"768\" height=\"1024\" src=\"http:\/\/compagniegrainedevie.fr\/wp-content\/uploads\/2018\/07\/Faim-de-Loup-@-Serge-Lucas-768x1024.jpg\" alt=\"\" class=\"wp-image-91 size-full\" srcset=\"https:\/\/compagniegrainedevie.fr\/wp-content\/uploads\/2018\/07\/Faim-de-Loup-@-Serge-Lucas-768x1024.jpg 768w, https:\/\/compagniegrainedevie.fr\/wp-content\/uploads\/2018\/07\/Faim-de-Loup-@-Serge-Lucas-225x300.jpg 225w\" sizes=\"(max-width: 767px) 89vw, (max-width: 1000px) 54vw, (max-width: 1071px) 543px, 580px\" \/><\/figure><\/div>\n\n\n\n<h2 class=\"wp-block-heading has-medium-font-size\"><em>Blanche Eb\u00e8ne<\/em><\/h2>\n\n\n\n<div class=\"wp-block-media-text alignwide has-media-on-the-right is-stacked-on-mobile\" style=\"grid-template-columns:auto 51%\"><div class=\"wp-block-media-text__content\">\n<p class=\"has-normal-font-size\">Apr\u00e8s sa collaboration avec Ilka Sch\u00f6nbein dans deux cr\u00e9ations, Laurie Cannac a cette fois entrepris de lib\u00e9rer le cercueil de verre de Blanche-Neige de son nappage sucr\u00e9. <a href=\"http:\/\/compagniegrainedevie.fr\/?page_id=53\">(lire la suite&#8230;)<\/a><\/p>\n<\/div><figure class=\"wp-block-media-text__media\"><img loading=\"lazy\" decoding=\"async\" width=\"1024\" height=\"682\" src=\"http:\/\/compagniegrainedevie.fr\/wp-content\/uploads\/2018\/07\/Photo-70-cr\u00e9dit-Yves-Petit-blanche-ebene-1024x682.jpg\" alt=\"\" class=\"wp-image-82 size-full\" srcset=\"https:\/\/compagniegrainedevie.fr\/wp-content\/uploads\/2018\/07\/Photo-70-cr\u00e9dit-Yves-Petit-blanche-ebene-1024x682.jpg 1024w, https:\/\/compagniegrainedevie.fr\/wp-content\/uploads\/2018\/07\/Photo-70-cr\u00e9dit-Yves-Petit-blanche-ebene-300x200.jpg 300w, https:\/\/compagniegrainedevie.fr\/wp-content\/uploads\/2018\/07\/Photo-70-cr\u00e9dit-Yves-Petit-blanche-ebene-768x512.jpg 768w, https:\/\/compagniegrainedevie.fr\/wp-content\/uploads\/2018\/07\/Photo-70-cr\u00e9dit-Yves-Petit-blanche-ebene.jpg 1772w\" sizes=\"(max-width: 767px) 89vw, (max-width: 1000px) 54vw, (max-width: 1071px) 543px, 580px\" \/><\/figure><\/div>\n\n\n\n<h2 class=\"wp-block-heading has-medium-font-size\">Queue de Poissonne<\/h2>\n\n\n\n<div class=\"wp-block-media-text alignwide has-media-on-the-right is-stacked-on-mobile\" style=\"grid-template-columns:auto 51%\"><div class=\"wp-block-media-text__content\">\n<p class=\"has-normal-font-size\">Au large dans la mer, l\u2019eau est plus claire que le plus pur cristal. Mais elle est si profonde qu\u2019aucune ancre ne peut en atteindre le fond\u2026 Une marionnettiste bien fantasque part \u00e0 l\u2019aventure, \u00e0 bord d\u2019un fr\u00eale esquif d\u2019osier et de papier.. <a href=\"http:\/\/compagniegrainedevie.fr\/?page_id=58\">(lire la suite&#8230;)<\/a><\/p>\n<\/div><figure class=\"wp-block-media-text__media\"><img loading=\"lazy\" decoding=\"async\" width=\"1024\" height=\"681\" src=\"http:\/\/compagniegrainedevie.fr\/wp-content\/uploads\/2018\/07\/laurie-et-le-prince-Benoit-Fortyre-1024x681.jpg\" alt=\"\" class=\"wp-image-72 size-full\" srcset=\"https:\/\/compagniegrainedevie.fr\/wp-content\/uploads\/2018\/07\/laurie-et-le-prince-Benoit-Fortyre-1024x681.jpg 1024w, https:\/\/compagniegrainedevie.fr\/wp-content\/uploads\/2018\/07\/laurie-et-le-prince-Benoit-Fortyre-300x200.jpg 300w, https:\/\/compagniegrainedevie.fr\/wp-content\/uploads\/2018\/07\/laurie-et-le-prince-Benoit-Fortyre-768x511.jpg 768w\" sizes=\"(max-width: 767px) 89vw, (max-width: 1000px) 54vw, (max-width: 1071px) 543px, 580px\" \/><\/figure><\/div>\n\n\n\n<p><\/p>\n","protected":false},"excerpt":{"rendered":"<p>Histoires Invisibles (2025 en France) . La langue des Cygnes (2023)\u00a0 \u00a0Spectacle disponible en tourn\u00e9e\/Salle \u00e9quip\u00e9e Spectacle accessibles au public entendant et sourd. Vitrines de Recherche (2021)\u00a0 \u00a0Performances\/impro disponible en mus\u00e9es ou autres JeveuxJeveuxJeveux (2020)\u00a0\u00a0\u00a0\u00a0 Spectacle disponible en tourn\u00e9e\/ Int\u00e9rieur en lieux non d\u00e9di\u00e9s. Faim de Loup fr (2009)\u00a0 \u00a0 \u00a0 Spectacle disponible en tourn\u00e9e\/Salle &hellip; <\/p>\n<p class=\"link-more\"><a href=\"https:\/\/compagniegrainedevie.fr\/?page_id=2\" class=\"more-link\">Continuer la lecture<span class=\"screen-reader-text\"> de &laquo;&nbsp;SPECTACLES&nbsp;&raquo;<\/span><\/a><\/p>\n","protected":false},"author":1,"featured_media":83,"parent":0,"menu_order":0,"comment_status":"closed","ping_status":"closed","template":"","meta":{"footnotes":""},"_links":{"self":[{"href":"https:\/\/compagniegrainedevie.fr\/index.php?rest_route=\/wp\/v2\/pages\/2"}],"collection":[{"href":"https:\/\/compagniegrainedevie.fr\/index.php?rest_route=\/wp\/v2\/pages"}],"about":[{"href":"https:\/\/compagniegrainedevie.fr\/index.php?rest_route=\/wp\/v2\/types\/page"}],"author":[{"embeddable":true,"href":"https:\/\/compagniegrainedevie.fr\/index.php?rest_route=\/wp\/v2\/users\/1"}],"replies":[{"embeddable":true,"href":"https:\/\/compagniegrainedevie.fr\/index.php?rest_route=%2Fwp%2Fv2%2Fcomments&post=2"}],"version-history":[{"count":24,"href":"https:\/\/compagniegrainedevie.fr\/index.php?rest_route=\/wp\/v2\/pages\/2\/revisions"}],"predecessor-version":[{"id":867,"href":"https:\/\/compagniegrainedevie.fr\/index.php?rest_route=\/wp\/v2\/pages\/2\/revisions\/867"}],"wp:featuredmedia":[{"embeddable":true,"href":"https:\/\/compagniegrainedevie.fr\/index.php?rest_route=\/wp\/v2\/media\/83"}],"wp:attachment":[{"href":"https:\/\/compagniegrainedevie.fr\/index.php?rest_route=%2Fwp%2Fv2%2Fmedia&parent=2"}],"curies":[{"name":"wp","href":"https:\/\/api.w.org\/{rel}","templated":true}]}}