{"id":22,"date":"2018-07-26T13:11:28","date_gmt":"2018-07-26T11:11:28","guid":{"rendered":"http:\/\/grainedevie.ovh\/?page_id=22"},"modified":"2021-10-21T16:39:06","modified_gmt":"2021-10-21T14:39:06","slug":"a-propos-de","status":"publish","type":"page","link":"https:\/\/compagniegrainedevie.fr\/?page_id=22","title":{"rendered":"Laurie Cannac"},"content":{"rendered":"<p class=\"font_9\"><em>Laurie Cannac est une marionnettiste soliste, qui a acquis sa formation de base au Th\u00e9\u00e2tre-Ecole du Passage de Niels Arestrup et Alexandre del Perugia, et l\u2019a compl\u00e9t\u00e9e, sur les conseils de ce dernier, en allant apprendre son m\u00e9tier de marionnettiste dans la rue, en contact direct avec le public.\u00a0<\/em><!--more--><\/p>\n<p>Elle fonde en 1997 la C<strong>ompagnie\u00a0Graine de Vie<\/strong>\u00a0pour proposer un th\u00e9\u00e2tre de marionnette tr\u00e8s physique, plein d\u2019\u00e9nergie, d\u2019\u00e9motions et de surprises, qui interroge continuellement la marionnette et son rapport au com\u00e9dien-manipulateur pour les m\u00ealer dans un univers po\u00e9tique.<br \/>\nSes spectacles, qu\u2019elle en signe la mise en sc\u00e8ne ou la d\u00e9l\u00e8gue, privil\u00e9gient toujours la multiplicit\u00e9 des niveaux de lecture pour \u00eatre \u00e0 la fois populaires et profonds. C\u2019est en puisant \u00e0 la source des contes et des mythes qu\u2019elle trouve un terrain d\u2019expression ouvert \u00e0 tous les publics, chaque cr\u00e9ation jaillissant d\u2019un dialogue entre un propos personnel et une base universelle.<br \/>\nEn 2008, quand <strong>Ilka Sch\u00f6nbein<\/strong> assiste \u00e0 ses <em>Petits r\u00eaves Faits main<\/em>, les deux femmes se retrouvent dans les m\u00eames valeurs et une soif insatiable de cr\u00e9ativit\u00e9 au sein de la forme marionnettique. C\u2019est le point de d\u00e9part d\u2019une collaboration de plus de cinq ans qui donnera naissance \u00e0 deux spectacles : <em>Faim de loup<\/em> et <em>Queue de Poissonne<\/em>, jou\u00e9s plus de cinq cents fois en France et \u00e0 l\u2019\u00e9tranger, et toujours actuellement en tourn\u00e9e. Cette collaboration repr\u00e9sente pour Laurie une opportunit\u00e9 exceptionnelle de confronter son travail \u00e0 un ma\u00eetre de marionnette dont la transmission trace un chemin qu\u2019elle poursuit par elle-m\u00eame \u00e0 travers sa cr\u00e9ation <em>Blanche Eb\u00e8ne<\/em> en 2017.<br \/>\nLaurie Cannac est artiste associ\u00e9e aux 2 Sc\u00e8nes, sc\u00e8ne nationale de Besan\u00e7on, en 2018-2019.<\/p>\n<h1 class=\"font_9\">Principaux spectacles de la compagnie\u00a0:<\/h1>\n<ul class=\"font_9\">\n<li>\n<p class=\"font_9\"><em>L\u2019Homme de la Manche\u00a0<\/em>(1998), \u00e0 partir du Don Quichotte de Cervant\u00e8s, ms Alexandre Picard<\/p>\n<\/li>\n<li>\n<p class=\"font_9\"><em>Graine\u00a0<\/em>(2000), \u00e0 partir d\u2019un conte Siusaidh Bolton, de l\u2019Ile de Man, ms Laurie Cannac<\/p>\n<\/li>\n<li>\n<p class=\"font_9\"><em>Petits r\u00eaves faits main\u00a0<\/em>(2003), pour retrouver l\u2019essence de la manipulation dans le d\u00e9nuement, ms Laurie Cannac<\/p>\n<\/li>\n<li>\n<p class=\"font_9\"><em>Faim de loup<\/em>\u00a0(2009), \u00e0 partir des diff\u00e9rentes versions du Chaperon rouge, Grimm, Perrault et versions orales, ms Ilka Sch\u00f6nbein<\/p>\n<\/li>\n<li>\n<p class=\"font_9\"><em>Queue de Poissonne\u00a0<\/em>(2013), \u00e0 partir de La Petite Sir\u00e8ne d\u2019Andersen<\/p>\n<\/li>\n<li>\n<p class=\"font_9\"><em>Blanche\u00a0\u00c9b\u00e8ne<\/em>\u00a0(2017), \u00e0 partir du conte de Blanche Neige<\/p>\n<\/li>\n<\/ul>\n<p><span style=\"font-size: 1rem;\">Laurie Cannac a aussi collabor\u00e9 avec K\u00e4fig (<em>Corps est graphique<\/em>), Justiniana (<em>On devine la mer tout pr\u00e8s<\/em>), Pudding Th\u00e9\u00e2tre, Chercheurs d\u2019Air&#8230;<\/span><\/p>\n","protected":false},"excerpt":{"rendered":"<p>Laurie Cannac est une marionnettiste soliste, qui a acquis sa formation de base au Th\u00e9\u00e2tre-Ecole du Passage de Niels Arestrup et Alexandre del Perugia, et l\u2019a compl\u00e9t\u00e9e, sur les conseils de ce dernier, en allant apprendre son m\u00e9tier de marionnettiste dans la rue, en contact direct avec le public.\u00a0<\/p>\n","protected":false},"author":1,"featured_media":43,"parent":0,"menu_order":1,"comment_status":"closed","ping_status":"closed","template":"","meta":{"footnotes":""},"_links":{"self":[{"href":"https:\/\/compagniegrainedevie.fr\/index.php?rest_route=\/wp\/v2\/pages\/22"}],"collection":[{"href":"https:\/\/compagniegrainedevie.fr\/index.php?rest_route=\/wp\/v2\/pages"}],"about":[{"href":"https:\/\/compagniegrainedevie.fr\/index.php?rest_route=\/wp\/v2\/types\/page"}],"author":[{"embeddable":true,"href":"https:\/\/compagniegrainedevie.fr\/index.php?rest_route=\/wp\/v2\/users\/1"}],"replies":[{"embeddable":true,"href":"https:\/\/compagniegrainedevie.fr\/index.php?rest_route=%2Fwp%2Fv2%2Fcomments&post=22"}],"version-history":[{"count":5,"href":"https:\/\/compagniegrainedevie.fr\/index.php?rest_route=\/wp\/v2\/pages\/22\/revisions"}],"predecessor-version":[{"id":327,"href":"https:\/\/compagniegrainedevie.fr\/index.php?rest_route=\/wp\/v2\/pages\/22\/revisions\/327"}],"wp:featuredmedia":[{"embeddable":true,"href":"https:\/\/compagniegrainedevie.fr\/index.php?rest_route=\/wp\/v2\/media\/43"}],"wp:attachment":[{"href":"https:\/\/compagniegrainedevie.fr\/index.php?rest_route=%2Fwp%2Fv2%2Fmedia&parent=22"}],"curies":[{"name":"wp","href":"https:\/\/api.w.org\/{rel}","templated":true}]}}