{"id":53,"date":"2018-07-26T13:36:56","date_gmt":"2018-07-26T11:36:56","guid":{"rendered":"http:\/\/grainedevie.ovh\/?page_id=53"},"modified":"2024-02-08T19:53:50","modified_gmt":"2024-02-08T18:53:50","slug":"blanche-ebene","status":"publish","type":"page","link":"https:\/\/compagniegrainedevie.fr\/?page_id=53","title":{"rendered":"Blanche Ebene &#8211;         Ext\u00e9rieur"},"content":{"rendered":"<p class=\"font_8\"><img loading=\"lazy\" decoding=\"async\" class=\"size-medium wp-image-54 alignleft\" src=\"http:\/\/grainedevie.ovh\/wp-content\/uploads\/2018\/07\/Photo-91-cr\u00e9dit-Yves-Petit-blanche-ebene-300x200.jpg\" alt=\"\" width=\"300\" height=\"200\" srcset=\"https:\/\/compagniegrainedevie.fr\/wp-content\/uploads\/2018\/07\/Photo-91-cr\u00e9dit-Yves-Petit-blanche-ebene-300x200.jpg 300w, https:\/\/compagniegrainedevie.fr\/wp-content\/uploads\/2018\/07\/Photo-91-cr\u00e9dit-Yves-Petit-blanche-ebene-768x512.jpg 768w, https:\/\/compagniegrainedevie.fr\/wp-content\/uploads\/2018\/07\/Photo-91-cr\u00e9dit-Yves-Petit-blanche-ebene-1024x682.jpg 1024w, https:\/\/compagniegrainedevie.fr\/wp-content\/uploads\/2018\/07\/Photo-91-cr\u00e9dit-Yves-Petit-blanche-ebene.jpg 1772w\" sizes=\"(max-width: 300px) 100vw, 300px\" \/>Partant d\u2019une interrogation profonde sur l\u2019identit\u00e9 f\u00e9minine, Laurie Cannac a d\u2019abord enqu\u00eat\u00e9 sur l\u2019image de la femme \u00e0 travers les mythes et les contes. Ses sources principales sont les analyses de Marie-Louise Von Franz, \u00e9l\u00e8ve de Jung, La Femme solaire de Laure Salomon , La Femme celtique et M\u00e9lusine de Jean Markale, Caliban et la sorci\u00e8re de Silvia Federici, L\u2019Ane d\u2019or d\u2019Apul\u00e9e, Les M\u00e9tamorphoses d\u2019Ovide, les contes de Grimm\u2026<\/p>\n<p class=\"font_8\"><span class=\"wixGuard\">\u200b<\/span>L\u2019enjeu primordial qui lui est apparu est de repr\u00e9senter le conflit identitaire de la femme, oscillant entre la f\u00e9minit\u00e9 normative que sa culture lui impose et une intuition plus compl\u00e8te de sa propre f\u00e9minit\u00e9.<\/p>\n<p class=\"font_8\"><span class=\"wixGuard\">\u200b<\/span>Apr\u00e8s de premiers essais autour de la figure de M\u00e9lusine, elle a finalement choisi d\u2019incarner ce conflit au sein d\u2019un conte des fr\u00e8res Grimm inspir\u00e9 du conflit de V\u00e9nus et de Psych\u00e9 : Blanche-Neige. Comme \u00e0 son habitude, elle utilise le conte \u00e0 la mani\u00e8re de Jung, en l\u2019interpr\u00e9tant comme un r\u00eave de l\u2019humanit\u00e9, et en repr\u00e9sentant chaque personnage en tant que facette de la psych\u00e9 du personnage principal.<\/p>\n<p class=\"font_8\"><!--more--><\/p>\n<!--[if lt IE 9]><script>document.createElement('video');<\/script><![endif]-->\n\t<div class=\"wp-playlist wp-video-playlist wp-playlist-light\">\n\t\t<video controls=\"controls\" preload=\"none\" width=\"503\"\n\t\t height=\"285\"\t><\/video>\n\t<div class=\"wp-playlist-next\"><\/div>\n\t<div class=\"wp-playlist-prev\"><\/div>\n\t<noscript>\n\t<ol>\n\t\t<li><a href='https:\/\/compagniegrainedevie.fr\/wp-content\/uploads\/2018\/09\/Teaser-Blanche-Ebene_Web-petit.mp4'>Teaser Blanche Ebene<\/a><\/li>\t<\/ol>\n\t<\/noscript>\n\t<script type=\"application\/json\" class=\"wp-playlist-script\">{\"type\":\"video\",\"tracklist\":false,\"tracknumbers\":true,\"images\":true,\"artists\":true,\"tracks\":[{\"src\":\"https:\\\/\\\/compagniegrainedevie.fr\\\/wp-content\\\/uploads\\\/2018\\\/09\\\/Teaser-Blanche-Ebene_Web-petit.mp4\",\"type\":\"video\\\/mp4\",\"title\":\"Teaser Blanche Ebene\",\"caption\":\"\",\"description\":\"\",\"meta\":{\"length_formatted\":\"3:23\"},\"dimensions\":{\"original\":{\"width\":1920,\"height\":1088},\"resized\":{\"width\":503,\"height\":285}},\"image\":{\"src\":\"https:\\\/\\\/compagniegrainedevie.fr\\\/wp-includes\\\/images\\\/media\\\/video.svg\",\"width\":48,\"height\":64},\"thumb\":{\"src\":\"https:\\\/\\\/compagniegrainedevie.fr\\\/wp-includes\\\/images\\\/media\\\/video.svg\",\"width\":48,\"height\":64}}]}<\/script>\n<\/div>\n\t\n<h1 class=\"font_8\">Blanche-Eb\u00e8ne<\/h1>\n<p class=\"font_8\">Conception, mise en sc\u00e8ne, marionnettes et jeu : Laurie Cannac<br \/>\nMusique et interpr\u00e9tation musicale : Alexandra Lupidi<br \/>\nRegard ext\u00e9rieur : C\u00e9line Chatelain et Ilka Sch\u00f6nbein<br \/>\nAssistant \u00e0 la recherche : Serge Lucas<br \/>\nCr\u00e9ation lumi\u00e8re et r\u00e9gie g\u00e9n\u00e9rale : S\u00e9bastien Choriol<br \/>\nR\u00e9alisation et arrangements de la version enregistr\u00e9e : Fran\u00e7ois Olivier<br \/>\nCostumes : M\u00e9gane Robardet<br \/>\nEt les conseils et retours ponctuels et amicaux de :&nbsp;Bernard Kudlak &#8211; Cirque Plume&nbsp;Julia Moa Caprez et Igor Sellem &#8211; Les Rois Vagabonds<\/p>\n<p class=\"font_8\"><span class=\"wixGuard\">\u200b<\/span><\/p>\n<p class=\"font_8\">Avec le soutien de la Ville de Besan\u00e7on, du Conseil G\u00e9n\u00e9ral de Franche Comt\u00e9, de la R\u00e9gion de Bourgogne Franche-Comt\u00e9 et de la DRAC Bourgogne Franche-Comt\u00e9, du Mus\u00e9e des Beaux Arts et d&rsquo;Arch\u00e9ologie de Besan\u00e7on, de Agglom\u00e9ration Sud Pays Basque.<\/p>\n<p class=\"font_8\">Aides \u00e0 la r\u00e9sidence: La Minoterie-Cr\u00e9ation jeune public et \u00e9ducation artistique, et La Vache Qui Rue et le Th\u00e9\u00e2tre de Corbeil-Essonnes.<\/p>\n<p>[SLGF id=74]<\/p>\n","protected":false},"excerpt":{"rendered":"<p>Partant d\u2019une interrogation profonde sur l\u2019identit\u00e9 f\u00e9minine, Laurie Cannac a d\u2019abord enqu\u00eat\u00e9 sur l\u2019image de la femme \u00e0 travers les mythes et les contes. Ses sources principales sont les analyses de Marie-Louise Von Franz, \u00e9l\u00e8ve de Jung, La Femme solaire de Laure Salomon , La Femme celtique et M\u00e9lusine de Jean Markale, Caliban et la &hellip; <\/p>\n<p class=\"link-more\"><a href=\"https:\/\/compagniegrainedevie.fr\/?page_id=53\" class=\"more-link\">Continuer la lecture<span class=\"screen-reader-text\"> de &laquo;&nbsp;Blanche Ebene &#8211;         Ext\u00e9rieur&nbsp;&raquo;<\/span><\/a><\/p>\n","protected":false},"author":1,"featured_media":0,"parent":2,"menu_order":0,"comment_status":"closed","ping_status":"closed","template":"","meta":{"footnotes":""},"_links":{"self":[{"href":"https:\/\/compagniegrainedevie.fr\/index.php?rest_route=\/wp\/v2\/pages\/53"}],"collection":[{"href":"https:\/\/compagniegrainedevie.fr\/index.php?rest_route=\/wp\/v2\/pages"}],"about":[{"href":"https:\/\/compagniegrainedevie.fr\/index.php?rest_route=\/wp\/v2\/types\/page"}],"author":[{"embeddable":true,"href":"https:\/\/compagniegrainedevie.fr\/index.php?rest_route=\/wp\/v2\/users\/1"}],"replies":[{"embeddable":true,"href":"https:\/\/compagniegrainedevie.fr\/index.php?rest_route=%2Fwp%2Fv2%2Fcomments&post=53"}],"version-history":[{"count":8,"href":"https:\/\/compagniegrainedevie.fr\/index.php?rest_route=\/wp\/v2\/pages\/53\/revisions"}],"predecessor-version":[{"id":722,"href":"https:\/\/compagniegrainedevie.fr\/index.php?rest_route=\/wp\/v2\/pages\/53\/revisions\/722"}],"up":[{"embeddable":true,"href":"https:\/\/compagniegrainedevie.fr\/index.php?rest_route=\/wp\/v2\/pages\/2"}],"wp:attachment":[{"href":"https:\/\/compagniegrainedevie.fr\/index.php?rest_route=%2Fwp%2Fv2%2Fmedia&parent=53"}],"curies":[{"name":"wp","href":"https:\/\/api.w.org\/{rel}","templated":true}]}}