{"id":571,"date":"2022-03-23T14:22:15","date_gmt":"2022-03-23T13:22:15","guid":{"rendered":"http:\/\/compagniegrainedevie.fr\/?page_id=571"},"modified":"2022-09-09T22:57:24","modified_gmt":"2022-09-09T20:57:24","slug":"vitrines-de-recherches","status":"publish","type":"page","link":"https:\/\/compagniegrainedevie.fr\/?page_id=571","title":{"rendered":"Vitrines de Recherches"},"content":{"rendered":"\n<p><\/p>\n\n\n\n<p>Andy Scott Ngoua, danseur gabonais issu du Hip Hop, ayant enrichi sa danse d\u2019influences contemporaines et traditionnelles tout au long de sa vie, et Laurie Cannac, marionnettiste soliste d\u00e9veloppant particuli\u00e8rement la marionnette de corps, ont su d\u00e8s leur rencontre qu\u2019ils avaient \u00e0 inventer ensemble.<\/p>\n\n\n\n<p>Depuis quelques mois, ils ont entam\u00e9 un processus de recherche pour exp\u00e9rimenter, en toute libert\u00e9, au gr\u00e9 d\u2019improvisations et de performances, les potentialit\u00e9s de fusion entre leurs deux arts.<\/p>\n\n\n\n<p>Tout en poursuivant cette recherche, ils sont entr\u00e9s en cr\u00e9ation \u00e0 l\u2019automne 2021 de\u00a0<strong><em>La Langue des Cygnes<\/em><\/strong>, un duo inspir\u00e9 par le Vilain Petit Canard d\u2019Andersen (vid\u00e9o des premiers 8 jours) avec Adri Sergent, musicien multiinstrumentiste sp\u00e9cialis\u00e9 dans le beatbox<\/p>\n\n\n\n<p>\u00c0 l\u2019occasion de ce Temps d\u2019M et pour ce \u00ab challenge hybride \u00bb, ils ont invit\u00e9 un jeune danseur-chor\u00e9graphe-performer allemand, <a href=\"https:\/\/www.rene-reith.com\/\">Ren\u00e9 Reith<\/a>, engag\u00e9 dans une recherche th\u00e9orique et universitaire danse-objet-mati\u00e8re, qui apportera sa vision ultra-contemporaine. Accompagn\u00e9s par le musicien multi-instrumentiste et beat-boxer Adri Sergent, pour partager leurs d\u00e9couvertes.<\/p>\n\n\n\n<p><\/p>\n\n\n\n<figure class=\"wp-block-image size-large is-style-rounded\"><img loading=\"lazy\" decoding=\"async\" width=\"681\" height=\"1024\" src=\"http:\/\/compagniegrainedevie.fr\/wp-content\/uploads\/2022\/03\/DSC_0248-681x1024.jpg\" alt=\"\" class=\"wp-image-572\" srcset=\"https:\/\/compagniegrainedevie.fr\/wp-content\/uploads\/2022\/03\/DSC_0248-681x1024.jpg 681w, https:\/\/compagniegrainedevie.fr\/wp-content\/uploads\/2022\/03\/DSC_0248-199x300.jpg 199w, https:\/\/compagniegrainedevie.fr\/wp-content\/uploads\/2022\/03\/DSC_0248-768x1155.jpg 768w, https:\/\/compagniegrainedevie.fr\/wp-content\/uploads\/2022\/03\/DSC_0248-1021x1536.jpg 1021w, https:\/\/compagniegrainedevie.fr\/wp-content\/uploads\/2022\/03\/DSC_0248-1362x2048.jpg 1362w, https:\/\/compagniegrainedevie.fr\/wp-content\/uploads\/2022\/03\/DSC_0248-scaled.jpg 1702w\" sizes=\"(max-width: 681px) 100vw, 681px\" \/><\/figure>\n\n\n\n<p><\/p>\n\n\n\n<p><\/p>\n\n\n\n<p>R\u00e9sidences et Performences:<\/p>\n\n\n\n<p>En Septembre 2021  au Festival Mondiale des Th\u00e9atres de la Marionnette.<\/p>\n\n\n\n<p><\/p>\n\n\n\n<p>Poursuite de la recheche avec<a href=\"https:\/\/www.rene-reith.com\/\"> Ren\u00e9 Reith<\/a>  en Septembre 2022 dans le cadre de <a href=\"https:\/\/festival-marionnette.com\/evenements\/hybridite-2\/\" data-type=\"URL\" data-id=\"https:\/\/festival-marionnette.com\/evenements\/hybridite-2\/\" target=\"_blank\" rel=\"noreferrer noopener\">Temps d&rsquo;M Hybridit\u00e9s &#8211; Festival Mondiale des Th\u00e9atres de la Marionnette. <\/a><\/p>\n","protected":false},"excerpt":{"rendered":"<p>Andy Scott Ngoua, danseur gabonais issu du Hip Hop, ayant enrichi sa danse d\u2019influences contemporaines et traditionnelles tout au long de sa vie, et Laurie Cannac, marionnettiste soliste d\u00e9veloppant particuli\u00e8rement la marionnette de corps, ont su d\u00e8s leur rencontre qu\u2019ils avaient \u00e0 inventer ensemble. Depuis quelques mois, ils ont entam\u00e9 un processus de recherche pour &hellip; <\/p>\n<p class=\"link-more\"><a href=\"https:\/\/compagniegrainedevie.fr\/?page_id=571\" class=\"more-link\">Continuer la lecture<span class=\"screen-reader-text\"> de &laquo;&nbsp;Vitrines de Recherches&nbsp;&raquo;<\/span><\/a><\/p>\n","protected":false},"author":1,"featured_media":446,"parent":0,"menu_order":0,"comment_status":"closed","ping_status":"closed","template":"","meta":{"footnotes":""},"_links":{"self":[{"href":"https:\/\/compagniegrainedevie.fr\/index.php?rest_route=\/wp\/v2\/pages\/571"}],"collection":[{"href":"https:\/\/compagniegrainedevie.fr\/index.php?rest_route=\/wp\/v2\/pages"}],"about":[{"href":"https:\/\/compagniegrainedevie.fr\/index.php?rest_route=\/wp\/v2\/types\/page"}],"author":[{"embeddable":true,"href":"https:\/\/compagniegrainedevie.fr\/index.php?rest_route=\/wp\/v2\/users\/1"}],"replies":[{"embeddable":true,"href":"https:\/\/compagniegrainedevie.fr\/index.php?rest_route=%2Fwp%2Fv2%2Fcomments&post=571"}],"version-history":[{"count":4,"href":"https:\/\/compagniegrainedevie.fr\/index.php?rest_route=\/wp\/v2\/pages\/571\/revisions"}],"predecessor-version":[{"id":631,"href":"https:\/\/compagniegrainedevie.fr\/index.php?rest_route=\/wp\/v2\/pages\/571\/revisions\/631"}],"wp:featuredmedia":[{"embeddable":true,"href":"https:\/\/compagniegrainedevie.fr\/index.php?rest_route=\/wp\/v2\/media\/446"}],"wp:attachment":[{"href":"https:\/\/compagniegrainedevie.fr\/index.php?rest_route=%2Fwp%2Fv2%2Fmedia&parent=571"}],"curies":[{"name":"wp","href":"https:\/\/api.w.org\/{rel}","templated":true}]}}